{"id":2739,"date":"2025-11-26T12:40:51","date_gmt":"2025-11-26T10:40:51","guid":{"rendered":"https:\/\/lamafer.com\/info\/"},"modified":"2026-02-26T15:35:02","modified_gmt":"2026-02-26T13:35:02","slug":"info","status":"publish","type":"page","link":"https:\/\/lamafer.com\/de\/info\/","title":{"rendered":"Info"},"content":{"rendered":"\t\t<div data-elementor-type=\"wp-page\" data-elementor-id=\"2739\" class=\"elementor elementor-2739 elementor-1298\" data-elementor-post-type=\"page\">\n\t\t\t\t<div class=\"elementor-element elementor-element-517c283 e-flex e-con-boxed e-con e-parent\" data-id=\"517c283\" data-element_type=\"container\" data-e-type=\"container\" data-settings=\"{&quot;background_background&quot;:&quot;classic&quot;}\">\n\t\t\t\t\t<div class=\"e-con-inner\">\n\t\t<div class=\"elementor-element elementor-element-dcc8a6a e-con-full e-flex e-con e-child\" data-id=\"dcc8a6a\" data-element_type=\"container\" data-e-type=\"container\">\n\t\t<div class=\"elementor-element elementor-element-231251c e-con-full e-flex e-con e-child\" data-id=\"231251c\" data-element_type=\"container\" data-e-type=\"container\">\n\t\t\t\t<div class=\"elementor-element elementor-element-ded2de4 elementor-widget__width-auto elementor-widget elementor-widget-heading\" data-id=\"ded2de4\" data-element_type=\"widget\" data-e-type=\"widget\" data-settings=\"{&quot;motion_fx_motion_fx_mouse&quot;:&quot;yes&quot;}\" data-widget_type=\"heading.default\">\n\t\t\t\t\t<h3 class=\"elementor-heading-title elementor-size-default\"><a href=\"#\">INFO<\/a><\/h3>\t\t\t\t<\/div>\n\t\t\t\t<\/div>\n\t\t<div class=\"elementor-element elementor-element-36abb68 e-con-full e-flex e-con e-child\" data-id=\"36abb68\" data-element_type=\"container\" data-e-type=\"container\">\n\t\t\t\t<\/div>\n\t\t\t\t<\/div>\n\t\t\t\t\t<\/div>\n\t\t\t\t<\/div>\n\t\t<div class=\"elementor-element elementor-element-3419164 e-flex e-con-boxed e-con e-parent\" data-id=\"3419164\" data-element_type=\"container\" data-e-type=\"container\">\n\t\t\t\t\t<div class=\"e-con-inner\">\n\t\t\t\t<div class=\"elementor-element elementor-element-3f75918 elementor-grid-4 elementor-grid-laptop-3 elementor-grid-tablet_extra-2 elementor-grid-tablet-2 elementor-grid-mobile-1 elementor-widget elementor-widget-loop-grid\" data-id=\"3f75918\" data-element_type=\"widget\" data-e-type=\"widget\" data-settings=\"{&quot;template_id&quot;:2955,&quot;columns&quot;:4,&quot;row_gap&quot;:{&quot;unit&quot;:&quot;px&quot;,&quot;size&quot;:15,&quot;sizes&quot;:[]},&quot;columns_laptop&quot;:3,&quot;columns_tablet_extra&quot;:2,&quot;_skin&quot;:&quot;post&quot;,&quot;columns_tablet&quot;:&quot;2&quot;,&quot;columns_mobile&quot;:&quot;1&quot;,&quot;edit_handle_selector&quot;:&quot;[data-elementor-type=\\&quot;loop-item\\&quot;]&quot;,&quot;row_gap_widescreen&quot;:{&quot;unit&quot;:&quot;px&quot;,&quot;size&quot;:&quot;&quot;,&quot;sizes&quot;:[]},&quot;row_gap_laptop&quot;:{&quot;unit&quot;:&quot;px&quot;,&quot;size&quot;:&quot;&quot;,&quot;sizes&quot;:[]},&quot;row_gap_tablet_extra&quot;:{&quot;unit&quot;:&quot;px&quot;,&quot;size&quot;:&quot;&quot;,&quot;sizes&quot;:[]},&quot;row_gap_tablet&quot;:{&quot;unit&quot;:&quot;px&quot;,&quot;size&quot;:&quot;&quot;,&quot;sizes&quot;:[]},&quot;row_gap_mobile&quot;:{&quot;unit&quot;:&quot;px&quot;,&quot;size&quot;:&quot;&quot;,&quot;sizes&quot;:[]}}\" data-widget_type=\"loop-grid.post\">\n\t\t\t\t<div class=\"elementor-widget-container\">\n\t\t\t\t\t\t\t<div class=\"elementor-loop-container elementor-grid\" role=\"list\">\n\t\t<style id=\"loop-2955\">.elementor-2955 .elementor-element.elementor-element-758ef83{--display:flex;--justify-content:space-between;--padding-top:30px;--padding-bottom:40px;--padding-left:30px;--padding-right:30px;}.elementor-2955 .elementor-element.elementor-element-758ef83:not(.elementor-motion-effects-element-type-background), .elementor-2955 .elementor-element.elementor-element-758ef83 > .elementor-motion-effects-container > .elementor-motion-effects-layer{background-color:var( --e-global-color-secondary );}.elementor-2955 .elementor-element.elementor-element-7d117b8 .elementor-heading-title{font-size:25px;text-transform:uppercase;}.elementor-2955 .elementor-element.elementor-element-f21877a{--spacer-size:10px;}.elementor-2955 .elementor-element.elementor-element-915b94a{font-weight:900;}.elementor-2955 .elementor-element.elementor-element-28a9493{--spacer-size:130px;}.elementor-2955 .elementor-element.elementor-element-d96f1e3{font-size:14px;font-weight:900;text-transform:uppercase;line-height:0px;margin:0px 0px calc(var(--kit-widget-spacing, 0px) + 0px) 0px;padding:0px 0px 0px 0px;width:var( --container-widget-width, 170px );max-width:170px;--container-widget-width:170px;--container-widget-flex-grow:0;}@media(max-width:1366px){.elementor-2955 .elementor-element.elementor-element-7d117b8 .elementor-heading-title{font-size:28px;}}@media(max-width:1200px){.elementor-2955 .elementor-element.elementor-element-7d117b8 .elementor-heading-title{font-size:32px;}}@media(max-width:1024px){.elementor-2955 .elementor-element.elementor-element-7d117b8 .elementor-heading-title{font-size:28px;}}<\/style>\t\t<div data-elementor-type=\"loop-item\" data-elementor-id=\"2955\" class=\"elementor elementor-2955 elementor-180 elementor-180 e-loop-item e-loop-item-4019 post-4019 post type-post status-publish format-standard has-post-thumbnail hentry category-info-de\" data-elementor-post-type=\"elementor_library\" data-custom-edit-handle=\"1\">\n\t\t\t<a class=\"elementor-element elementor-element-758ef83 card e-flex e-con-boxed e-con e-parent\" data-id=\"758ef83\" data-element_type=\"container\" data-e-type=\"container\" data-settings=\"{&quot;background_background&quot;:&quot;classic&quot;}\" href=\"https:\/\/lamafer.com\/de\/info-de\/xfir-verlaengerung-doppeltes-papier-digital-system-bis-zum-15-09-2026\/\">\n\t\t\t\t\t<div class=\"e-con-inner\">\n\t\t\t\t<div class=\"elementor-element elementor-element-7d117b8 elementor-widget elementor-widget-theme-post-title elementor-page-title elementor-widget-heading\" data-id=\"7d117b8\" data-element_type=\"widget\" data-e-type=\"widget\" data-widget_type=\"theme-post-title.default\">\n\t\t\t\t\t<h3 class=\"elementor-heading-title elementor-size-default\">XFIR- Verl\u00e4ngerung: DOPPELTES Papier- \/ Digital- System bis zum 15.09.2026<\/h3>\t\t\t\t<\/div>\n\t\t\t\t<div class=\"elementor-element elementor-element-f21877a elementor-widget elementor-widget-spacer\" data-id=\"f21877a\" data-element_type=\"widget\" data-e-type=\"widget\" data-widget_type=\"spacer.default\">\n\t\t\t\t\t\t\t<div class=\"elementor-spacer\">\n\t\t\t<div class=\"elementor-spacer-inner\"><\/div>\n\t\t<\/div>\n\t\t\t\t\t\t<\/div>\n\t\t\t\t<div class=\"elementor-element elementor-element-915b94a elementor-widget elementor-widget-theme-post-excerpt\" data-id=\"915b94a\" data-element_type=\"widget\" data-e-type=\"widget\" data-widget_type=\"theme-post-excerpt.default\">\n\t\t\t\t\t<p>Die Verordnung zur Verl\u00e4ngerung des XFIR wurde endg\u00fcltig verabschiedet. Damit wurde gr\u00fcnes Licht f\u00fcr ein paralleles Papier- und Digitalverfahren beim Abfallbegleitschein gegeben. Der Senat hat das<span class=\"excerpt-hellip\"> [\u2026]<\/span><\/p>\t\t\t\t<\/div>\n\t\t\t\t<div class=\"elementor-element elementor-element-28a9493 elementor-widget elementor-widget-spacer\" data-id=\"28a9493\" data-element_type=\"widget\" data-e-type=\"widget\" data-widget_type=\"spacer.default\">\n\t\t\t\t\t\t\t<div class=\"elementor-spacer\">\n\t\t\t<div class=\"elementor-spacer-inner\"><\/div>\n\t\t<\/div>\n\t\t\t\t\t\t<\/div>\n\t\t\t\t<div class=\"elementor-element elementor-element-d96f1e3 elementor-widget__width-initial move-line-black elementor-widget elementor-widget-text-editor\" data-id=\"d96f1e3\" data-element_type=\"widget\" data-e-type=\"widget\" data-widget_type=\"text-editor.default\">\n\t\t\t\t\t\t\t\t\t<p>MEHR ERFAHREN<\/p>\t\t\t\t\t\t\t\t<\/div>\n\t\t\t\t\t<\/div>\n\t\t\t\t<\/a>\n\t\t\t\t<\/div>\n\t\t\t\t<div data-elementor-type=\"loop-item\" data-elementor-id=\"2955\" class=\"elementor elementor-2955 elementor-180 elementor-180 e-loop-item e-loop-item-3853 post-3853 post type-post status-publish format-standard has-post-thumbnail hentry category-info-de\" data-elementor-post-type=\"elementor_library\" data-custom-edit-handle=\"1\">\n\t\t\t<a class=\"elementor-element elementor-element-758ef83 card e-flex e-con-boxed e-con e-parent\" data-id=\"758ef83\" data-element_type=\"container\" data-e-type=\"container\" data-settings=\"{&quot;background_background&quot;:&quot;classic&quot;}\" href=\"https:\/\/lamafer.com\/de\/info-de\/mitteilungaktualisierung-der-rentri-dienste\/\">\n\t\t\t\t\t<div class=\"e-con-inner\">\n\t\t\t\t<div class=\"elementor-element elementor-element-7d117b8 elementor-widget elementor-widget-theme-post-title elementor-page-title elementor-widget-heading\" data-id=\"7d117b8\" data-element_type=\"widget\" data-e-type=\"widget\" data-widget_type=\"theme-post-title.default\">\n\t\t\t\t\t<h3 class=\"elementor-heading-title elementor-size-default\">MITTEILUNG!<br>AKTUALISIERUNG DER RENTRI-DIENSTE<\/h3>\t\t\t\t<\/div>\n\t\t\t\t<div class=\"elementor-element elementor-element-f21877a elementor-widget elementor-widget-spacer\" data-id=\"f21877a\" data-element_type=\"widget\" data-e-type=\"widget\" data-widget_type=\"spacer.default\">\n\t\t\t\t\t\t\t<div class=\"elementor-spacer\">\n\t\t\t<div class=\"elementor-spacer-inner\"><\/div>\n\t\t<\/div>\n\t\t\t\t\t\t<\/div>\n\t\t\t\t<div class=\"elementor-element elementor-element-915b94a elementor-widget elementor-widget-theme-post-excerpt\" data-id=\"915b94a\" data-element_type=\"widget\" data-e-type=\"widget\" data-widget_type=\"theme-post-excerpt.default\">\n\t\t\t\t\t<p>Sehr geehrte Nutzer des RENTRI, hiermit wird mitgeteilt, dass das in der Mitteilung vom 13.02.2026 um 09:00 Uhr genannte Ereignis, welches die teilweise und vor\u00fcbergehende Nichtverf\u00fcgbarkeit<span class=\"excerpt-hellip\"> [\u2026]<\/span><\/p>\t\t\t\t<\/div>\n\t\t\t\t<div class=\"elementor-element elementor-element-28a9493 elementor-widget elementor-widget-spacer\" data-id=\"28a9493\" data-element_type=\"widget\" data-e-type=\"widget\" data-widget_type=\"spacer.default\">\n\t\t\t\t\t\t\t<div class=\"elementor-spacer\">\n\t\t\t<div class=\"elementor-spacer-inner\"><\/div>\n\t\t<\/div>\n\t\t\t\t\t\t<\/div>\n\t\t\t\t<div class=\"elementor-element elementor-element-d96f1e3 elementor-widget__width-initial move-line-black elementor-widget elementor-widget-text-editor\" data-id=\"d96f1e3\" data-element_type=\"widget\" data-e-type=\"widget\" data-widget_type=\"text-editor.default\">\n\t\t\t\t\t\t\t\t\t<p>MEHR ERFAHREN<\/p>\t\t\t\t\t\t\t\t<\/div>\n\t\t\t\t\t<\/div>\n\t\t\t\t<\/a>\n\t\t\t\t<\/div>\n\t\t\t\t<div data-elementor-type=\"loop-item\" data-elementor-id=\"2955\" class=\"elementor elementor-2955 elementor-180 elementor-180 e-loop-item e-loop-item-3672 post-3672 post type-post status-publish format-standard has-post-thumbnail hentry category-info-de\" data-elementor-post-type=\"elementor_library\" data-custom-edit-handle=\"1\">\n\t\t\t<a class=\"elementor-element elementor-element-758ef83 card e-flex e-con-boxed e-con e-parent\" data-id=\"758ef83\" data-element_type=\"container\" data-e-type=\"container\" data-settings=\"{&quot;background_background&quot;:&quot;classic&quot;}\" href=\"https:\/\/lamafer.com\/de\/info-de\/der-abfall-begleitschein-fir\/\">\n\t\t\t\t\t<div class=\"e-con-inner\">\n\t\t\t\t<div class=\"elementor-element elementor-element-7d117b8 elementor-widget elementor-widget-theme-post-title elementor-page-title elementor-widget-heading\" data-id=\"7d117b8\" data-element_type=\"widget\" data-e-type=\"widget\" data-widget_type=\"theme-post-title.default\">\n\t\t\t\t\t<h3 class=\"elementor-heading-title elementor-size-default\">DER ABFALL-<br>BEGLEITSCHEIN (FIR)<\/h3>\t\t\t\t<\/div>\n\t\t\t\t<div class=\"elementor-element elementor-element-f21877a elementor-widget elementor-widget-spacer\" data-id=\"f21877a\" data-element_type=\"widget\" data-e-type=\"widget\" data-widget_type=\"spacer.default\">\n\t\t\t\t\t\t\t<div class=\"elementor-spacer\">\n\t\t\t<div class=\"elementor-spacer-inner\"><\/div>\n\t\t<\/div>\n\t\t\t\t\t\t<\/div>\n\t\t\t\t<div class=\"elementor-element elementor-element-915b94a elementor-widget elementor-widget-theme-post-excerpt\" data-id=\"915b94a\" data-element_type=\"widget\" data-e-type=\"widget\" data-widget_type=\"theme-post-excerpt.default\">\n\t\t\t\t\t<p>Der digitale FIR f\u00fchrt neue Modalit\u00e4ten f\u00fcr die Erstellung, Unterzeichnung und Aufbewahrung der Daten zur Abfallverbringung ein. Erzeuger, Bef\u00f6rderer und Empf\u00e4nger sind verpflichtet, pr\u00e4zise Verfahren einzuhalten,<span class=\"excerpt-hellip\"> [\u2026]<\/span><\/p>\t\t\t\t<\/div>\n\t\t\t\t<div class=\"elementor-element elementor-element-28a9493 elementor-widget elementor-widget-spacer\" data-id=\"28a9493\" data-element_type=\"widget\" data-e-type=\"widget\" data-widget_type=\"spacer.default\">\n\t\t\t\t\t\t\t<div class=\"elementor-spacer\">\n\t\t\t<div class=\"elementor-spacer-inner\"><\/div>\n\t\t<\/div>\n\t\t\t\t\t\t<\/div>\n\t\t\t\t<div class=\"elementor-element elementor-element-d96f1e3 elementor-widget__width-initial move-line-black elementor-widget elementor-widget-text-editor\" data-id=\"d96f1e3\" data-element_type=\"widget\" data-e-type=\"widget\" data-widget_type=\"text-editor.default\">\n\t\t\t\t\t\t\t\t\t<p>MEHR ERFAHREN<\/p>\t\t\t\t\t\t\t\t<\/div>\n\t\t\t\t\t<\/div>\n\t\t\t\t<\/a>\n\t\t\t\t<\/div>\n\t\t\t\t<div data-elementor-type=\"loop-item\" data-elementor-id=\"2955\" class=\"elementor elementor-2955 elementor-180 elementor-180 e-loop-item e-loop-item-3300 post-3300 post type-post status-publish format-standard has-post-thumbnail hentry category-info-de\" data-elementor-post-type=\"elementor_library\" data-custom-edit-handle=\"1\">\n\t\t\t<a class=\"elementor-element elementor-element-758ef83 card e-flex e-con-boxed e-con e-parent\" data-id=\"758ef83\" data-element_type=\"container\" data-e-type=\"container\" data-settings=\"{&quot;background_background&quot;:&quot;classic&quot;}\" href=\"https:\/\/lamafer.com\/de\/info-de\/registrierung-bei-rentri-lamafer-begleitet-sie-beim-digitalen-abfall-management\/\">\n\t\t\t\t\t<div class=\"e-con-inner\">\n\t\t\t\t<div class=\"elementor-element elementor-element-7d117b8 elementor-widget elementor-widget-theme-post-title elementor-page-title elementor-widget-heading\" data-id=\"7d117b8\" data-element_type=\"widget\" data-e-type=\"widget\" data-widget_type=\"theme-post-title.default\">\n\t\t\t\t\t<h3 class=\"elementor-heading-title elementor-size-default\">Registrierung bei RENTRI: Lamafer begleitet Sie beim digitalen Abfall-<br>management<\/h3>\t\t\t\t<\/div>\n\t\t\t\t<div class=\"elementor-element elementor-element-f21877a elementor-widget elementor-widget-spacer\" data-id=\"f21877a\" data-element_type=\"widget\" data-e-type=\"widget\" data-widget_type=\"spacer.default\">\n\t\t\t\t\t\t\t<div class=\"elementor-spacer\">\n\t\t\t<div class=\"elementor-spacer-inner\"><\/div>\n\t\t<\/div>\n\t\t\t\t\t\t<\/div>\n\t\t\t\t<div class=\"elementor-element elementor-element-915b94a elementor-widget elementor-widget-theme-post-excerpt\" data-id=\"915b94a\" data-element_type=\"widget\" data-e-type=\"widget\" data-widget_type=\"theme-post-excerpt.default\">\n\t\t\t\t\t<p>Vom 15. Dezember 2025 bis zum 13. Februar 2026 m\u00fcssen die verpflichteten Unternehmen die Registrierung im Nationalen Elektronischen Register f\u00fcr die R\u00fcckverfolgbarkeit von Abf\u00e4llen (RENTRI) abschlie\u00dfen<span class=\"excerpt-hellip\"> [\u2026]<\/span><\/p>\t\t\t\t<\/div>\n\t\t\t\t<div class=\"elementor-element elementor-element-28a9493 elementor-widget elementor-widget-spacer\" data-id=\"28a9493\" data-element_type=\"widget\" data-e-type=\"widget\" data-widget_type=\"spacer.default\">\n\t\t\t\t\t\t\t<div class=\"elementor-spacer\">\n\t\t\t<div class=\"elementor-spacer-inner\"><\/div>\n\t\t<\/div>\n\t\t\t\t\t\t<\/div>\n\t\t\t\t<div class=\"elementor-element elementor-element-d96f1e3 elementor-widget__width-initial move-line-black elementor-widget elementor-widget-text-editor\" data-id=\"d96f1e3\" data-element_type=\"widget\" data-e-type=\"widget\" data-widget_type=\"text-editor.default\">\n\t\t\t\t\t\t\t\t\t<p>MEHR ERFAHREN<\/p>\t\t\t\t\t\t\t\t<\/div>\n\t\t\t\t\t<\/div>\n\t\t\t\t<\/a>\n\t\t\t\t<\/div>\n\t\t\t\t<div data-elementor-type=\"loop-item\" data-elementor-id=\"2955\" class=\"elementor elementor-2955 elementor-180 elementor-180 e-loop-item e-loop-item-3302 post-3302 post type-post status-publish format-standard has-post-thumbnail hentry category-info-de\" data-elementor-post-type=\"elementor_library\" data-custom-edit-handle=\"1\">\n\t\t\t<a class=\"elementor-element elementor-element-758ef83 card e-flex e-con-boxed e-con e-parent\" data-id=\"758ef83\" data-element_type=\"container\" data-e-type=\"container\" data-settings=\"{&quot;background_background&quot;:&quot;classic&quot;}\" href=\"https:\/\/lamafer.com\/de\/info-de\/gesetz-147-2025-neue-strafrechtliche-verantwortlichkeiten-im-abfallmanagement-8-november-2025\/\">\n\t\t\t\t\t<div class=\"e-con-inner\">\n\t\t\t\t<div class=\"elementor-element elementor-element-7d117b8 elementor-widget elementor-widget-theme-post-title elementor-page-title elementor-widget-heading\" data-id=\"7d117b8\" data-element_type=\"widget\" data-e-type=\"widget\" data-widget_type=\"theme-post-title.default\">\n\t\t\t\t\t<h3 class=\"elementor-heading-title elementor-size-default\">Gesetz 147\/2025: WAS SIE WISSEN MU\u0308SSEN UND WIE SIE STRAFEN VERMEIDEN<\/h3>\t\t\t\t<\/div>\n\t\t\t\t<div class=\"elementor-element elementor-element-f21877a elementor-widget elementor-widget-spacer\" data-id=\"f21877a\" data-element_type=\"widget\" data-e-type=\"widget\" data-widget_type=\"spacer.default\">\n\t\t\t\t\t\t\t<div class=\"elementor-spacer\">\n\t\t\t<div class=\"elementor-spacer-inner\"><\/div>\n\t\t<\/div>\n\t\t\t\t\t\t<\/div>\n\t\t\t\t<div class=\"elementor-element elementor-element-915b94a elementor-widget elementor-widget-theme-post-excerpt\" data-id=\"915b94a\" data-element_type=\"widget\" data-e-type=\"widget\" data-widget_type=\"theme-post-excerpt.default\">\n\t\t\t\t\t<p>Mit dem Inkrafttreten des Gesetzes 147\/2025, das aus der Umwandlung des Gesetzesdekrets D.L. 116\/2025 hervorgeht, wurde der umweltrechtliche Rahmen durch ein deutliches Versch\u00e4rfen gegen rechtswidrige Handlungen<span class=\"excerpt-hellip\"> [\u2026]<\/span><\/p>\t\t\t\t<\/div>\n\t\t\t\t<div class=\"elementor-element elementor-element-28a9493 elementor-widget elementor-widget-spacer\" data-id=\"28a9493\" data-element_type=\"widget\" data-e-type=\"widget\" data-widget_type=\"spacer.default\">\n\t\t\t\t\t\t\t<div class=\"elementor-spacer\">\n\t\t\t<div class=\"elementor-spacer-inner\"><\/div>\n\t\t<\/div>\n\t\t\t\t\t\t<\/div>\n\t\t\t\t<div class=\"elementor-element elementor-element-d96f1e3 elementor-widget__width-initial move-line-black elementor-widget elementor-widget-text-editor\" data-id=\"d96f1e3\" data-element_type=\"widget\" data-e-type=\"widget\" data-widget_type=\"text-editor.default\">\n\t\t\t\t\t\t\t\t\t<p>MEHR ERFAHREN<\/p>\t\t\t\t\t\t\t\t<\/div>\n\t\t\t\t\t<\/div>\n\t\t\t\t<\/a>\n\t\t\t\t<\/div>\n\t\t\t\t<div data-elementor-type=\"loop-item\" data-elementor-id=\"2955\" class=\"elementor elementor-2955 elementor-180 elementor-180 e-loop-item e-loop-item-3304 post-3304 post type-post status-publish format-standard has-post-thumbnail hentry category-info-de\" data-elementor-post-type=\"elementor_library\" data-custom-edit-handle=\"1\">\n\t\t\t<a class=\"elementor-element elementor-element-758ef83 card e-flex e-con-boxed e-con e-parent\" data-id=\"758ef83\" data-element_type=\"container\" data-e-type=\"container\" data-settings=\"{&quot;background_background&quot;:&quot;classic&quot;}\" href=\"https:\/\/lamafer.com\/de\/info-de\/digitaler-oder-papierbasierter-fir-was-sich-mit-dem-rentri-system-aendert-5-november-2025\/\">\n\t\t\t\t\t<div class=\"e-con-inner\">\n\t\t\t\t<div class=\"elementor-element elementor-element-7d117b8 elementor-widget elementor-widget-theme-post-title elementor-page-title elementor-widget-heading\" data-id=\"7d117b8\" data-element_type=\"widget\" data-e-type=\"widget\" data-widget_type=\"theme-post-title.default\">\n\t\t\t\t\t<h3 class=\"elementor-heading-title elementor-size-default\">Digital oder in Papierform (FIR): was sich mit dem RENTRI-System \u00e4ndert<\/h3>\t\t\t\t<\/div>\n\t\t\t\t<div class=\"elementor-element elementor-element-f21877a elementor-widget elementor-widget-spacer\" data-id=\"f21877a\" data-element_type=\"widget\" data-e-type=\"widget\" data-widget_type=\"spacer.default\">\n\t\t\t\t\t\t\t<div class=\"elementor-spacer\">\n\t\t\t<div class=\"elementor-spacer-inner\"><\/div>\n\t\t<\/div>\n\t\t\t\t\t\t<\/div>\n\t\t\t\t<div class=\"elementor-element elementor-element-915b94a elementor-widget elementor-widget-theme-post-excerpt\" data-id=\"915b94a\" data-element_type=\"widget\" data-e-type=\"widget\" data-widget_type=\"theme-post-excerpt.default\">\n\t\t\t\t\t<p>Mit dem Inkrafttreten des RENTRI-Systems m\u00fcssen die verpflichteten Subjekte die Verwendung des FIR (Abfall-Identifikationsformular) anpassen \u2013 in digitaler oder papierbasierter Form je nach Abfallart und Profil<span class=\"excerpt-hellip\"> [\u2026]<\/span><\/p>\t\t\t\t<\/div>\n\t\t\t\t<div class=\"elementor-element elementor-element-28a9493 elementor-widget elementor-widget-spacer\" data-id=\"28a9493\" data-element_type=\"widget\" data-e-type=\"widget\" data-widget_type=\"spacer.default\">\n\t\t\t\t\t\t\t<div class=\"elementor-spacer\">\n\t\t\t<div class=\"elementor-spacer-inner\"><\/div>\n\t\t<\/div>\n\t\t\t\t\t\t<\/div>\n\t\t\t\t<div class=\"elementor-element elementor-element-d96f1e3 elementor-widget__width-initial move-line-black elementor-widget elementor-widget-text-editor\" data-id=\"d96f1e3\" data-element_type=\"widget\" data-e-type=\"widget\" data-widget_type=\"text-editor.default\">\n\t\t\t\t\t\t\t\t\t<p>MEHR ERFAHREN<\/p>\t\t\t\t\t\t\t\t<\/div>\n\t\t\t\t\t<\/div>\n\t\t\t\t<\/a>\n\t\t\t\t<\/div>\n\t\t\t\t<div data-elementor-type=\"loop-item\" data-elementor-id=\"2955\" class=\"elementor elementor-2955 elementor-180 elementor-180 e-loop-item e-loop-item-3306 post-3306 post type-post status-publish format-standard has-post-thumbnail hentry category-info-de\" data-elementor-post-type=\"elementor_library\" data-custom-edit-handle=\"1\">\n\t\t\t<a class=\"elementor-element elementor-element-758ef83 card e-flex e-con-boxed e-con e-parent\" data-id=\"758ef83\" data-element_type=\"container\" data-e-type=\"container\" data-settings=\"{&quot;background_background&quot;:&quot;classic&quot;}\" href=\"https:\/\/lamafer.com\/de\/info-de\/beratung\/\">\n\t\t\t\t\t<div class=\"e-con-inner\">\n\t\t\t\t<div class=\"elementor-element elementor-element-7d117b8 elementor-widget elementor-widget-theme-post-title elementor-page-title elementor-widget-heading\" data-id=\"7d117b8\" data-element_type=\"widget\" data-e-type=\"widget\" data-widget_type=\"theme-post-title.default\">\n\t\t\t\t\t<h3 class=\"elementor-heading-title elementor-size-default\">Beratung<\/h3>\t\t\t\t<\/div>\n\t\t\t\t<div class=\"elementor-element elementor-element-f21877a elementor-widget elementor-widget-spacer\" data-id=\"f21877a\" data-element_type=\"widget\" data-e-type=\"widget\" data-widget_type=\"spacer.default\">\n\t\t\t\t\t\t\t<div class=\"elementor-spacer\">\n\t\t\t<div class=\"elementor-spacer-inner\"><\/div>\n\t\t<\/div>\n\t\t\t\t\t\t<\/div>\n\t\t\t\t<div class=\"elementor-element elementor-element-915b94a elementor-widget elementor-widget-theme-post-excerpt\" data-id=\"915b94a\" data-element_type=\"widget\" data-e-type=\"widget\" data-widget_type=\"theme-post-excerpt.default\">\n\t\t\t\t\t<p>Dank der Unterst\u00fctzung erfahrener Berater und akkreditierter Analyselabore sind wir in der Lage, die gesamte Prozesskette Ihres Waste Managements zu organisieren und zu betreuen. Lamafer ber\u00e4t<span class=\"excerpt-hellip\"> [\u2026]<\/span><\/p>\t\t\t\t<\/div>\n\t\t\t\t<div class=\"elementor-element elementor-element-28a9493 elementor-widget elementor-widget-spacer\" data-id=\"28a9493\" data-element_type=\"widget\" data-e-type=\"widget\" data-widget_type=\"spacer.default\">\n\t\t\t\t\t\t\t<div class=\"elementor-spacer\">\n\t\t\t<div class=\"elementor-spacer-inner\"><\/div>\n\t\t<\/div>\n\t\t\t\t\t\t<\/div>\n\t\t\t\t<div class=\"elementor-element elementor-element-d96f1e3 elementor-widget__width-initial move-line-black elementor-widget elementor-widget-text-editor\" data-id=\"d96f1e3\" data-element_type=\"widget\" data-e-type=\"widget\" data-widget_type=\"text-editor.default\">\n\t\t\t\t\t\t\t\t\t<p>MEHR ERFAHREN<\/p>\t\t\t\t\t\t\t\t<\/div>\n\t\t\t\t\t<\/div>\n\t\t\t\t<\/a>\n\t\t\t\t<\/div>\n\t\t\t\t<\/div>\n\t\t\n\t\t\t\t\t\t<\/div>\n\t\t\t\t<\/div>\n\t\t\t\t\t<\/div>\n\t\t\t\t<\/div>\n\t\t\t\t<\/div>\n\t\t","protected":false},"excerpt":{"rendered":"<p>INFO<\/p>\n","protected":false},"author":2,"featured_media":969,"parent":0,"menu_order":0,"comment_status":"closed","ping_status":"closed","template":"","meta":{"footnotes":""},"class_list":["post-2739","page","type-page","status-publish","has-post-thumbnail","hentry"],"_links":{"self":[{"href":"https:\/\/lamafer.com\/de\/wp-json\/wp\/v2\/pages\/2739","targetHints":{"allow":["GET"]}}],"collection":[{"href":"https:\/\/lamafer.com\/de\/wp-json\/wp\/v2\/pages"}],"about":[{"href":"https:\/\/lamafer.com\/de\/wp-json\/wp\/v2\/types\/page"}],"author":[{"embeddable":true,"href":"https:\/\/lamafer.com\/de\/wp-json\/wp\/v2\/users\/2"}],"replies":[{"embeddable":true,"href":"https:\/\/lamafer.com\/de\/wp-json\/wp\/v2\/comments?post=2739"}],"version-history":[{"count":0,"href":"https:\/\/lamafer.com\/de\/wp-json\/wp\/v2\/pages\/2739\/revisions"}],"wp:featuredmedia":[{"embeddable":true,"href":"https:\/\/lamafer.com\/de\/wp-json\/wp\/v2\/media\/969"}],"wp:attachment":[{"href":"https:\/\/lamafer.com\/de\/wp-json\/wp\/v2\/media?parent=2739"}],"curies":[{"name":"wp","href":"https:\/\/api.w.org\/{rel}","templated":true}]}}