{"id":2774,"date":"2025-11-26T16:57:12","date_gmt":"2025-11-26T15:57:12","guid":{"rendered":"https:\/\/lamafer.com\/kontakt\/"},"modified":"2026-03-18T11:32:09","modified_gmt":"2026-03-18T10:32:09","slug":"kontakt","status":"publish","type":"page","link":"https:\/\/lamafer.com\/de\/kontakt\/","title":{"rendered":"Kontakt"},"content":{"rendered":"\t\t<div data-elementor-type=\"wp-page\" data-elementor-id=\"2774\" class=\"elementor elementor-2774 elementor-1312\" data-elementor-post-type=\"page\">\n\t\t\t\t<div class=\"elementor-element elementor-element-6a1114e e-flex e-con-boxed e-con e-parent\" data-id=\"6a1114e\" data-element_type=\"container\" data-e-type=\"container\">\n\t\t\t\t\t<div class=\"e-con-inner\">\n\t\t<div class=\"elementor-element elementor-element-51eae96 e-con-full e-flex e-con e-child\" data-id=\"51eae96\" data-element_type=\"container\" data-e-type=\"container\">\n\t\t\t\t<div class=\"elementor-element elementor-element-83b54fb elementor-widget elementor-widget-text-editor\" data-id=\"83b54fb\" data-element_type=\"widget\" data-e-type=\"widget\" data-widget_type=\"text-editor.default\">\n\t\t\t\t\t\t\t\t\t<h1 class=\"p1\"><span style=\"color: #0dff00;\">KONTAKT<\/span><\/h1>\t\t\t\t\t\t\t\t<\/div>\n\t\t\t\t<\/div>\n\t\t\t\t\t<\/div>\n\t\t\t\t<\/div>\n\t\t<div class=\"elementor-element elementor-element-2c4a1ad e-flex e-con-boxed e-con e-parent\" data-id=\"2c4a1ad\" data-element_type=\"container\" data-e-type=\"container\">\n\t\t\t\t\t<div class=\"e-con-inner\">\n\t\t<div class=\"elementor-element elementor-element-d704297 e-con-full e-flex e-con e-child\" data-id=\"d704297\" data-element_type=\"container\" data-e-type=\"container\">\n\t\t\t\t<div class=\"elementor-element elementor-element-fddd540 elementor-widget elementor-widget-text-editor\" data-id=\"fddd540\" data-element_type=\"widget\" data-e-type=\"widget\" data-widget_type=\"text-editor.default\">\n\t\t\t\t\t\t\t\t\t<p class=\"p1\"><strong><span class=\"s1\">Lamafer steht Unternehmen, Einrichtungen und Privatpersonen zur Verf\u00fcgung, um Informationen, Beratung und operative Unterst\u00fctzung bei der Bewirtschaftung von Abf\u00e4llen und Materialien zu bieten. Unser Team begleitet Sie gerne, um die f\u00fcr Ihre Anforderungen passendste L\u00f6sung zu finden \u2013 im Einklang mit den geltenden Vorschriften und mit einem auf Effizienz und Nachhaltigkeit ausgerichteten Ansatz. <\/span><\/strong><\/p>\t\t\t\t\t\t\t\t<\/div>\n\t\t\t\t<\/div>\n\t\t<div class=\"elementor-element elementor-element-41ac6cd e-con-full e-flex e-con e-child\" data-id=\"41ac6cd\" data-element_type=\"container\" data-e-type=\"container\">\n\t\t\t\t<\/div>\n\t\t<div class=\"elementor-element elementor-element-e717c51 e-con-full e-flex e-con e-child\" data-id=\"e717c51\" data-element_type=\"container\" data-e-type=\"container\">\n\t\t\t\t<div class=\"elementor-element elementor-element-e66e415 elementor-widget elementor-widget-text-editor\" data-id=\"e66e415\" data-element_type=\"widget\" data-e-type=\"widget\" data-widget_type=\"text-editor.default\">\n\t\t\t\t\t\t\t\t\t<h6 class=\"p1\"><span class=\"s1\">In diesem Bereich finden Sie alle relevanten Kontaktdaten, um uns zu erreichen, unsere Standorte zu finden und einen direkten Austausch mit unseren B\u00fcros anzufordern. F\u00fcllen Sie das Formular aus oder nutzen Sie die angegebenen Kontakte: Wir antworten so schnell wie m\u00f6glich. <\/span><\/h6>\t\t\t\t\t\t\t\t<\/div>\n\t\t\t\t<\/div>\n\t\t\t\t\t<\/div>\n\t\t\t\t<\/div>\n\t\t<div class=\"elementor-element elementor-element-33a94ea e-flex e-con-boxed e-con e-parent\" data-id=\"33a94ea\" data-element_type=\"container\" data-e-type=\"container\">\n\t\t\t\t\t<div class=\"e-con-inner\">\n\t\t<div class=\"elementor-element elementor-element-37e4cb0 e-con-full e-flex e-con e-child\" data-id=\"37e4cb0\" data-element_type=\"container\" data-e-type=\"container\">\n\t\t<div class=\"elementor-element elementor-element-84aa02a e-con-full e-flex e-con e-child\" data-id=\"84aa02a\" data-element_type=\"container\" data-e-type=\"container\" data-settings=\"{&quot;background_background&quot;:&quot;classic&quot;}\">\n\t\t\t\t<div class=\"elementor-element elementor-element-67cd74e elementor-widget elementor-widget-text-editor\" data-id=\"67cd74e\" data-element_type=\"widget\" data-e-type=\"widget\" data-widget_type=\"text-editor.default\">\n\t\t\t\t\t\t\t\t\t<h6>HAUPTSITZ<br>J. Kepler Stra\u00dfe 5<\/h6><h6>NIEDERLASSUNG<br>Grutzenweg Stra\u00dfe 5<\/h6><h6>TELEFON<br><a href=\"tel:+390471918191\">+39 0471 918191<\/a><\/h6>\t\t\t\t\t\t\t\t<\/div>\n\t\t\t\t<div class=\"elementor-element elementor-element-c0a390a elementor-widget elementor-widget-text-editor\" data-id=\"c0a390a\" data-element_type=\"widget\" data-e-type=\"widget\" data-widget_type=\"text-editor.default\">\n\t\t\t\t\t\t\t\t\t<h6>E-MAIL<br><a href=\"mailto:info@lamafer.com\">info@lamafer.com<\/a><br><a href=\"mailto:lamafersrl@pec.it\">lamafersrl@pec.it<\/a><\/h6><h6>SDI<br>T04ZHR3<\/h6><h6>USt-IdNr.<br>IT02567420217<\/h6>\t\t\t\t\t\t\t\t<\/div>\n\t\t\t\t<\/div>\n\t\t<div class=\"elementor-element elementor-element-135de14 e-con-full e-flex e-con e-child\" data-id=\"135de14\" data-element_type=\"container\" data-e-type=\"container\">\n\t\t\t\t<div class=\"elementor-element elementor-element-e7144dd elementor-widget elementor-widget-google_maps\" data-id=\"e7144dd\" data-element_type=\"widget\" data-e-type=\"widget\" data-widget_type=\"google_maps.default\">\n\t\t\t\t\t\t\t<div class=\"elementor-custom-embed\">\n\t\t\t<iframe\n\t\t\t\t\tdata-src=\"https:\/\/maps.google.com\/maps?q=lamafer%20srl&#038;t=m&#038;z=16&#038;output=embed&#038;iwloc=near\"\n\t\t\t\t\ttitle=\"lamafer srl\"\n\t\t\t\t\taria-label=\"lamafer srl\"\n\t\t\t src=\"data:image\/svg+xml;base64,PHN2ZyB3aWR0aD0iMSIgaGVpZ2h0PSIxIiB4bWxucz0iaHR0cDovL3d3dy53My5vcmcvMjAwMC9zdmciPjwvc3ZnPg==\" class=\"lazyload\" data-load-mode=\"1\"><\/iframe>\n\t\t<\/div>\n\t\t\t\t\t\t<\/div>\n\t\t\t\t<\/div>\n\t\t\t\t<\/div>\n\t\t<div class=\"elementor-element elementor-element-92e6977 e-con-full e-flex e-con e-child\" data-id=\"92e6977\" data-element_type=\"container\" data-e-type=\"container\">\n\t\t\t\t<div class=\"elementor-element elementor-element-5493c6f elementor-widget elementor-widget-text-editor\" data-id=\"5493c6f\" data-element_type=\"widget\" data-e-type=\"widget\" data-widget_type=\"text-editor.default\">\n\t\t\t\t\t\t\t\t\t<h6>SCHREIB UNS EINE NACHRICHT<\/h6>\t\t\t\t\t\t\t\t<\/div>\n\t\t\t\t<div class=\"elementor-element elementor-element-f1546b5 elementor-widget elementor-widget-shortcode\" data-id=\"f1546b5\" data-element_type=\"widget\" data-e-type=\"widget\" data-widget_type=\"shortcode.default\">\n\t\t\t\t\t\t\t<div class=\"elementor-shortcode\"><div class=\"forminator-ui forminator-custom-form forminator-custom-form-3600 forminator-design--material  forminator_ajax\" data-forminator-render=\"0\" data-form=\"forminator-module-3600\" data-uid=\"69deeac90819e\"><br\/><\/div><form\r\n\t\t\t\tid=\"forminator-module-3600\"\r\n\t\t\t\tclass=\"forminator-ui forminator-custom-form forminator-custom-form-3600 forminator-design--material  forminator_ajax\"\r\n\t\t\t\tmethod=\"post\"\r\n\t\t\t\tdata-forminator-render=\"0\"\r\n\t\t\t\tdata-form-id=\"3600\"\r\n\t\t\t\t data-color-option=\"theme\" data-design=\"material\" data-grid=\"open\" style=\"display: none;\"\r\n\t\t\t\tdata-uid=\"69deeac90819e\"\r\n\t\t\t><div role=\"alert\" aria-live=\"polite\" class=\"forminator-response-message forminator-error\" aria-hidden=\"true\"><\/div><div class=\"forminator-row\"><div id=\"name-1\" class=\"forminator-field-name forminator-col forminator-col-12 \"><div class=\"forminator-field\"><input type=\"text\" name=\"name-1\" value=\"\" placeholder=\"Vor- und Nachname\" id=\"forminator-field-name-1_69deeac90819e\" class=\"forminator-input forminator-name--field\" aria-required=\"true\" autocomplete=\"name\" \/><\/div><\/div><\/div><div class=\"forminator-row\"><div id=\"email-1\" class=\"forminator-field-email forminator-col forminator-col-12 \"><div class=\"forminator-field\"><input type=\"email\" name=\"email-1\" value=\"\" placeholder=\"E-Mail\" id=\"forminator-field-email-1_69deeac90819e\" class=\"forminator-input forminator-email--field\" data-required=\"1\" aria-required=\"true\" autocomplete=\"email\" \/><\/div><\/div><\/div><div class=\"forminator-row\"><div id=\"phone-1\" class=\"forminator-field-phone forminator-col forminator-col-12 \"><div class=\"forminator-field\"><input type=\"text\" name=\"phone-1\" value=\"\" placeholder=\"Telefon\" id=\"forminator-field-phone-1_69deeac90819e\" class=\"forminator-input forminator-field--phone\" data-required=\"1\" aria-required=\"true\" autocomplete=\"off\" \/><\/div><\/div><\/div><div class=\"forminator-row\"><div id=\"textarea-1\" class=\"forminator-field-textarea forminator-col forminator-col-12 \"><div class=\"forminator-field\"><textarea name=\"textarea-1\" placeholder=\"Nachricht\" id=\"forminator-field-textarea-1_69deeac90819e\" class=\"forminator-textarea\" rows=\"6\" style=\"min-height:140px;\" ><\/textarea><\/div><\/div><\/div><div class=\"forminator-row\"><div id=\"consent-1\" class=\"forminator-field-consent forminator-col forminator-col-12 \"><div class=\"forminator-field\"><label for=\"forminator-field-consent-1_69deeac90819e\" id=\"forminator-field-consent-1_69deeac90819e-label\" class=\"forminator-label\">Datenschutzerkl\u00e4rung <span class=\"forminator-required\">*<\/span><\/label><div class=\"forminator-checkbox__wrapper\"><label id=\"forminator-field-consent-1_69deeac90819e__label\" class=\"forminator-checkbox forminator-consent\" aria-labelledby=\"forminator-field-consent-1_69deeac90819e-label\"><input type=\"checkbox\" name=\"consent-1\" id=\"forminator-field-consent-1_69deeac90819e\" value=\"checked\" aria-labelledby=\"forminator-field-consent-1_69deeac90819e-label\" aria-describedby=\"forminator-field-consent-1_69deeac90819e__description\" data-required=\"true\" aria-required=\"true\" \/><span class=\"forminator-checkbox-box\" aria-hidden=\"true\"><\/span><\/label><div id=\"forminator-field-consent-1_69deeac90819e__description\" class=\"forminator-checkbox__label forminator-consent__label\"><p class=\"p1\"><span class=\"s1\">Ich best\u00e4tige, dass ich die Datenschutzerkl\u00e4rung gelesen und verstanden habe und der Verarbeitung der angegebenen Daten zustimme<\/span><\/p>\n<p><a class=\"iubenda-white no-brand iubenda-noiframe iubenda-embed iub-legal-only\" title=\"Datenschutzerkl\u00e4rung\" href=\"https:\/\/www.iubenda.com\/privacy-policy\/69183697\">Datenschutzerkl\u00e4rung<\/a><\/p><\/div><\/div><\/div><\/div><\/div><input type=\"hidden\" name=\"referer_url\" value=\"\" \/><div class=\"forminator-row forminator-row-last\"><div class=\"forminator-col\"><div class=\"forminator-field\"><button class=\"forminator-button forminator-button-submit\"><span>Anfrage senden<\/span><span aria-hidden=\"true\"><\/span><\/button><\/div><\/div><\/div><input type=\"hidden\" id=\"forminator_nonce\" name=\"forminator_nonce\" value=\"58f3a8db2b\" \/><input type=\"hidden\" name=\"_wp_http_referer\" value=\"\/de\/wp-json\/wp\/v2\/pages\/2774\" \/><input type=\"hidden\" name=\"form_id\" value=\"3600\"><input type=\"hidden\" name=\"page_id\" value=\"2774\"><input type=\"hidden\" name=\"form_type\" value=\"default\"><input type=\"hidden\" name=\"current_url\" value=\"https:\/\/lamafer.com\/de\/kontakt\/\"><input type=\"hidden\" name=\"render_id\" value=\"0\"><input type=\"hidden\" name=\"action\" value=\"forminator_submit_form_custom-forms\"><label for=\"input_6\" class=\"forminator-hidden\" aria-hidden=\"true\">Bitte f\u00fclle dieses Feld nicht aus. <input id=\"input_6\" type=\"text\" name=\"input_6\" value=\"\" autocomplete=\"off\"><\/label><\/form><\/div>\n\t\t\t\t\t\t<\/div>\n\t\t\t\t<\/div>\n\t\t\t\t\t<\/div>\n\t\t\t\t<\/div>\n\t\t<div class=\"elementor-element elementor-element-39da20a e-flex e-con-boxed e-con e-parent\" data-id=\"39da20a\" data-element_type=\"container\" data-e-type=\"container\">\n\t\t\t\t\t<div class=\"e-con-inner\">\n\t\t<div class=\"elementor-element elementor-element-99cc7c4 e-con-full e-flex e-con e-child\" data-id=\"99cc7c4\" data-element_type=\"container\" data-e-type=\"container\">\n\t\t<div class=\"elementor-element elementor-element-60eeebd e-con-full e-flex e-con e-child\" data-id=\"60eeebd\" data-element_type=\"container\" data-e-type=\"container\">\n\t\t\t\t<div class=\"elementor-element elementor-element-00edc73 elementor-widget elementor-widget-text-editor\" data-id=\"00edc73\" data-element_type=\"widget\" data-e-type=\"widget\" data-widget_type=\"text-editor.default\">\n\t\t\t\t\t\t\t\t\t<h4><span style=\"color: #0dff00;\">LOGISTIK<\/span><\/h4><h6>Silvio Sturaro Zampollo<br><a href=\"mailto:silvio.s@lamafer.com\">silvio.s@lamafer.com<\/a><br><a href=\"tel:04711955310\">0471 1955310<\/a><\/h6><h6>Nadine Ghinato<br><a href=\"mailto:nadine.g@lamafer.com\">nadine.g@lamafer.com<\/a><br><a href=\"tel:04711955311\">0471 1955311\u2028<\/a><\/h6>\t\t\t\t\t\t\t\t<\/div>\n\t\t\t\t<div class=\"elementor-element elementor-element-3bc6879 elementor-widget elementor-widget-text-editor\" data-id=\"3bc6879\" data-element_type=\"widget\" data-e-type=\"widget\" data-widget_type=\"text-editor.default\">\n\t\t\t\t\t\t\t\t\t<h4><span style=\"color: #0dff00;\">VERTRIEB<\/span><\/h4><h6>Manuel Buzzi<br><a href=\"mailto:manuel.b@lamafer.com\">manuel.b@lamafer.com<\/a><br><a href=\"tel:3280684756\">3280684756<\/a><br><a href=\"tel:04711955305\">0471 1955305<\/a><\/h6><h6>VERTRIEBSKOORDINATOR<\/h6><h6>Alessio Negri<br>alessio.n@lamafer.com<br>0471 1955306<\/h6>\t\t\t\t\t\t\t\t<\/div>\n\t\t\t\t<\/div>\n\t\t\t\t<\/div>\n\t\t<div class=\"elementor-element elementor-element-6d49e4f e-con-full e-flex e-con e-child\" data-id=\"6d49e4f\" data-element_type=\"container\" data-e-type=\"container\">\n\t\t<div class=\"elementor-element elementor-element-40621c0 e-con-full e-flex e-con e-child\" data-id=\"40621c0\" data-element_type=\"container\" data-e-type=\"container\">\n\t\t\t\t<div class=\"elementor-element elementor-element-91f504a elementor-widget elementor-widget-text-editor\" data-id=\"91f504a\" data-element_type=\"widget\" data-e-type=\"widget\" data-widget_type=\"text-editor.default\">\n\t\t\t\t\t\t\t\t\t<h4><span style=\"color: #0dff00;\">PRODUKTION<\/span><\/h4><h6>MANAGER F\u00dcR GEF\u00c4HRLICHE ABF\u00c4LLE<\/h6><h6>Kevin Mazzucchi<br><a href=\"mailto:kevin.m@lamafer.com\">kevin.m@lamafer.com<\/a><br><a href=\"tel:3316707693\">3316707693<\/a><br><a href=\"tel:04711955316\">0471 1955316<\/a><\/h6>\t\t\t\t\t\t\t\t<\/div>\n\t\t\t\t<div class=\"elementor-element elementor-element-283e6fa elementor-widget elementor-widget-text-editor\" data-id=\"283e6fa\" data-element_type=\"widget\" data-e-type=\"widget\" data-widget_type=\"text-editor.default\">\n\t\t\t\t\t\t\t\t\t<h4><span style=\"color: #0dff00;\">TRANSPORTDOKUMENTE, <br \/>REGISTER UND MUD<\/span><\/h4><h6>Sofia Ferraro<br \/><a href=\"mailto:sofia.f@lamafer.com\">sofia.f@lamafer.com<\/a><br \/><a href=\"tel:04711955318\">0471 1955318<\/a><\/h6><h6>Angie Ranter<br \/><a href=\"mailto:angie.r@lamafer.com\">angie.r@lamafer.com<\/a><br \/><a href=\"tel:04711955317\">0471 1955317<\/a><\/h6>\t\t\t\t\t\t\t\t<\/div>\n\t\t\t\t<div class=\"elementor-element elementor-element-81cf469 elementor-widget elementor-widget-text-editor\" data-id=\"81cf469\" data-element_type=\"widget\" data-e-type=\"widget\" data-widget_type=\"text-editor.default\">\n\t\t\t\t\t\t\t\t\t<h4><span style=\"color: #0dff00;\">RECYCLINGZENTREN<br><\/span><\/h4><h6>J. KEPLER STRASSE<br><a href=\"tel:+390471918191\">0471 918191<\/a><\/h6><h6>GRUTZENWEG<br><a href=\"tel:04711955314\">0471 1955314<\/a><\/h6>\t\t\t\t\t\t\t\t<\/div>\n\t\t\t\t<\/div>\n\t\t\t\t<\/div>\n\t\t<div class=\"elementor-element elementor-element-bb7d0a6 e-con-full e-flex e-con e-child\" data-id=\"bb7d0a6\" data-element_type=\"container\" data-e-type=\"container\">\n\t\t<div class=\"elementor-element elementor-element-c8bc90b e-con-full e-flex e-con e-child\" data-id=\"c8bc90b\" data-element_type=\"container\" data-e-type=\"container\">\n\t\t\t\t<div class=\"elementor-element elementor-element-5d4042a elementor-widget elementor-widget-text-editor\" data-id=\"5d4042a\" data-element_type=\"widget\" data-e-type=\"widget\" data-widget_type=\"text-editor.default\">\n\t\t\t\t\t\t\t\t\t<h4><span style=\"color: #0dff00;\">VERWALTUNG<\/span><\/h4><h6>Antonella Chiarotti<br><a href=\"mailto:antonella.c@lamafer.com\">antonella.c@lamafer.com<\/a><br><a href=\"tel:04711955308\">0471 1955308<\/a><\/h6><h6>Alessio Capasso<br><a href=\"mailto:alessio.c@lamafer.com\">alessio.c@lamafer.com<\/a><br><a href=\"tel:04711955309\">0471 1955309<\/a><\/h6>\t\t\t\t\t\t\t\t<\/div>\n\t\t\t\t<div class=\"elementor-element elementor-element-8c88340 elementor-widget elementor-widget-text-editor\" data-id=\"8c88340\" data-element_type=\"widget\" data-e-type=\"widget\" data-widget_type=\"text-editor.default\">\n\t\t\t\t\t\t\t\t\t<h4><span style=\"color: #0dff00;\">GESCH\u00c4FTSLEITUNG<\/span><\/h4><h6>Gesch\u00e4ftsf\u00fchrer<br>Giancarlo Tomelini<\/h6><h6>Project manager<br>Erika Hofst\u00e4tter Tomelini<br><a href=\"mailto:erika.h@lamafer.com\">erika.h@lamafer.com<\/a><\/h6>\t\t\t\t\t\t\t\t<\/div>\n\t\t\t\t<\/div>\n\t\t\t\t<\/div>\n\t\t<div class=\"elementor-element elementor-element-9bd6b4f e-con-full e-flex e-con e-child\" data-id=\"9bd6b4f\" data-element_type=\"container\" data-e-type=\"container\">\n\t\t<div class=\"elementor-element elementor-element-538ffa1 e-con-full e-flex e-con e-child\" data-id=\"538ffa1\" data-element_type=\"container\" data-e-type=\"container\">\n\t\t\t\t<\/div>\n\t\t\t\t<\/div>\n\t\t\t\t\t<\/div>\n\t\t\t\t<\/div>\n\t\t<div class=\"elementor-element elementor-element-30131b6 e-flex e-con-boxed e-con e-parent\" data-id=\"30131b6\" data-element_type=\"container\" data-e-type=\"container\">\n\t\t\t\t\t<div class=\"e-con-inner\">\n\t\t<div class=\"elementor-element elementor-element-fa381c4 e-con-full e-flex e-con e-child\" data-id=\"fa381c4\" data-element_type=\"container\" data-e-type=\"container\">\n\t\t\t\t<div class=\"elementor-element elementor-element-5435a4c elementor-widget-divider--view-line elementor-widget elementor-widget-divider\" data-id=\"5435a4c\" data-element_type=\"widget\" data-e-type=\"widget\" data-widget_type=\"divider.default\">\n\t\t\t\t\t\t\t<div class=\"elementor-divider\">\n\t\t\t<span class=\"elementor-divider-separator\">\n\t\t\t\t\t\t<\/span>\n\t\t<\/div>\n\t\t\t\t\t\t<\/div>\n\t\t\t\t<div class=\"elementor-element elementor-element-ad617ac elementor-widget elementor-widget-text-editor\" data-id=\"ad617ac\" data-element_type=\"widget\" data-e-type=\"widget\" data-widget_type=\"text-editor.default\">\n\t\t\t\t\t\t\t\t\t<h4 class=\"p1\">M\u00d6CHTEN SIE MIT UNS ARBEITEN?<br>WERDEN SIE TEIL DES LAMAFER-TEAMS <a href=\"https:\/\/lamafer.com\/de\/jobs\/\"><span class=\"s1\" style=\"color: #0dff00;\">hier<\/span><\/a><\/h4>\t\t\t\t\t\t\t\t<\/div>\n\t\t\t\t<div class=\"elementor-element elementor-element-6aaf0c7 elementor-align-left move-line-black elementor-widget__width-initial elementor-widget-mobile__width-initial elementor-widget elementor-widget-button\" data-id=\"6aaf0c7\" data-element_type=\"widget\" data-e-type=\"widget\" data-widget_type=\"button.default\">\n\t\t\t\t\t\t\t\t\t\t<a class=\"elementor-button elementor-button-link elementor-size-sm\" href=\"https:\/\/lamafer.com\/de\/jobs\/\">\n\t\t\t\t\t\t<span class=\"elementor-button-content-wrapper\">\n\t\t\t\t\t\t\t\t\t<span class=\"elementor-button-text\">SENDEN SIE IHRE BEWERBUNG<\/span>\n\t\t\t\t\t<\/span>\n\t\t\t\t\t<\/a>\n\t\t\t\t\t\t\t\t<\/div>\n\t\t\t\t<\/div>\n\t\t\t\t\t<\/div>\n\t\t\t\t<\/div>\n\t\t\t\t<\/div>\n\t\t","protected":false},"excerpt":{"rendered":"<p>KONTAKT Lamafer steht Unternehmen, Einrichtungen und Privatpersonen zur Verf\u00fcgung, um Informationen, Beratung und operative Unterst\u00fctzung bei der Bewirtschaftung von Abf\u00e4llen und Materialien zu bieten. Unser Team<span class=\"excerpt-hellip\"> [\u2026]<\/span><\/p>\n","protected":false},"author":2,"featured_media":2509,"parent":0,"menu_order":0,"comment_status":"closed","ping_status":"closed","template":"","meta":{"footnotes":""},"class_list":["post-2774","page","type-page","status-publish","has-post-thumbnail","hentry"],"_links":{"self":[{"href":"https:\/\/lamafer.com\/de\/wp-json\/wp\/v2\/pages\/2774","targetHints":{"allow":["GET"]}}],"collection":[{"href":"https:\/\/lamafer.com\/de\/wp-json\/wp\/v2\/pages"}],"about":[{"href":"https:\/\/lamafer.com\/de\/wp-json\/wp\/v2\/types\/page"}],"author":[{"embeddable":true,"href":"https:\/\/lamafer.com\/de\/wp-json\/wp\/v2\/users\/2"}],"replies":[{"embeddable":true,"href":"https:\/\/lamafer.com\/de\/wp-json\/wp\/v2\/comments?post=2774"}],"version-history":[{"count":3,"href":"https:\/\/lamafer.com\/de\/wp-json\/wp\/v2\/pages\/2774\/revisions"}],"predecessor-version":[{"id":4347,"href":"https:\/\/lamafer.com\/de\/wp-json\/wp\/v2\/pages\/2774\/revisions\/4347"}],"wp:featuredmedia":[{"embeddable":true,"href":"https:\/\/lamafer.com\/de\/wp-json\/wp\/v2\/media\/2509"}],"wp:attachment":[{"href":"https:\/\/lamafer.com\/de\/wp-json\/wp\/v2\/media?parent=2774"}],"curies":[{"name":"wp","href":"https:\/\/api.w.org\/{rel}","templated":true}]}}