{"id":2809,"date":"2025-12-12T17:00:28","date_gmt":"2025-12-12T15:00:28","guid":{"rendered":"https:\/\/lamafer.com\/jobs\/"},"modified":"2026-02-25T10:50:07","modified_gmt":"2026-02-25T08:50:07","slug":"jobs","status":"publish","type":"page","link":"https:\/\/lamafer.com\/de\/jobs\/","title":{"rendered":"Jobs"},"content":{"rendered":"\t\t<div data-elementor-type=\"wp-page\" data-elementor-id=\"2809\" class=\"elementor elementor-2809 elementor-1736\" data-elementor-post-type=\"page\">\n\t\t\t\t<div class=\"elementor-element elementor-element-0500d8a e-con-full e-flex e-con e-parent\" data-id=\"0500d8a\" data-element_type=\"container\" data-e-type=\"container\">\n\t\t\t\t<div class=\"elementor-element elementor-element-db9f581 elementor-widget elementor-widget-slider_revolution\" data-id=\"db9f581\" data-element_type=\"widget\" data-e-type=\"widget\" data-widget_type=\"slider_revolution.default\">\n\t\t\t\t\t\n\t\t<div class=\"wp-block-themepunch-revslider\">\n\t\t\t\t<p class=\"rs-p-wp-fix\"><\/p>\n\t\t\t\t<sr7-module data-alias=\"consulenza-1\" data-id=\"4\" id=\"SR7_4_1\" class=\"rs-ov-hidden\" data-version=\"6.7.50\">\n\t\t\t\t\t<sr7-adjuster><\/sr7-adjuster>\n\t\t\t\t\t<sr7-content>\n\t\t\t\t\t\t<sr7-slide id=\"SR7_4_1-37\" data-key=\"37\">\n\t\t\t\t\t\t\t<sr7-txt id=\"SR7_4_1-37-0\" class=\"sr7-layer\"><br \/>\nWERTE<\/sr7-txt>\n\t\t\t\t\t\t\t<sr7-txt id=\"SR7_4_1-37-1\" class=\"sr7-layer\"><br \/>\nUMWELT<\/sr7-txt>\n\t\t\t\t\t\t\t<sr7-txt id=\"SR7_4_1-37-2\" class=\"sr7-layer\"><br \/>\nMITEINANDER<\/sr7-txt>\n\t\t\t\t\t\t\t<sr7-txt id=\"SR7_4_1-37-3\" class=\"sr7-layer\"><br \/>\nMehr erfahren<\/sr7-txt>\n\t\t\t\t\t\t<\/sr7-slide>\n\t\t\t\t\t\t<sr7-slide id=\"SR7_4_1-18\" data-key=\"18\">\n\t\t\t\t\t\t<\/sr7-slide>\n\t\t\t\t\t<\/sr7-content>\n\t\t\t\t<\/sr7-module>\n\t\t\t\t<script>\n\t\t\t\t\twindow.SR7 ??={};SR7.PMH ??={}; SR7.PMH[\"SR7_4_1\"] = {cn:100,state:false,fn: function() { if (_tpt!==undefined && _tpt.prepareModuleHeight !== undefined) {  _tpt.prepareModuleHeight({id:\"SR7_4_1\",el:[900,900,768,960,720],type:'standard',shdw:'0',gh:[900,900,768,960,720],gw:[1600,1600,1024,778,480],vpt:['-100px&#039;,&#039;-100px&#039;,&#039;-100px&#039;,&#039;-100px&#039;,&#039;-100px'],size:{fullWidth:false, fullHeight:false},mh:'0',onh:0,onw:0,bg:{color:'{\"orig\":\"transparent\",\"type\":\"solid\",\"string\":\"transparent\"}'}});   SR7.PMH[\"SR7_4_1\"].state=true;} else if(SR7.PMH[\"SR7_4_1\"].cn-->0)\tsetTimeout( SR7.PMH[\"SR7_4_1\"].fn,19);}};SR7.PMH[\"SR7_4_1\" ].fn();\n\t\t\t\t<\/script>\n<\/div>\n\n\t\t\t\t\t\t<\/div>\n\t\t\t\t<\/div>\n\t\t<div class=\"elementor-element elementor-element-517c283 e-flex e-con-boxed e-con e-parent\" data-id=\"517c283\" data-element_type=\"container\" data-e-type=\"container\" data-settings=\"{&quot;background_background&quot;:&quot;classic&quot;}\">\n\t\t\t\t\t<div class=\"e-con-inner\">\n\t\t<div class=\"elementor-element elementor-element-dcc8a6a e-con-full e-flex e-con e-child\" data-id=\"dcc8a6a\" data-element_type=\"container\" data-e-type=\"container\">\n\t\t<div class=\"elementor-element elementor-element-231251c e-con-full e-flex e-con e-child\" data-id=\"231251c\" data-element_type=\"container\" data-e-type=\"container\">\n\t\t\t\t<div class=\"elementor-element elementor-element-ded2de4 elementor-widget__width-auto elementor-widget elementor-widget-heading\" data-id=\"ded2de4\" data-element_type=\"widget\" data-e-type=\"widget\" data-settings=\"{&quot;motion_fx_motion_fx_mouse&quot;:&quot;yes&quot;}\" data-widget_type=\"heading.default\">\n\t\t\t\t\t<h3 class=\"elementor-heading-title elementor-size-default\"><a href=\"#\">JOBS<\/a><\/h3>\t\t\t\t<\/div>\n\t\t\t\t<\/div>\n\t\t<div class=\"elementor-element elementor-element-36abb68 e-con-full e-flex e-con e-child\" data-id=\"36abb68\" data-element_type=\"container\" data-e-type=\"container\">\n\t\t\t\t<\/div>\n\t\t\t\t<\/div>\n\t\t\t\t\t<\/div>\n\t\t\t\t<\/div>\n\t\t<div class=\"elementor-element elementor-element-3b04c2d e-flex e-con-boxed e-con e-parent\" data-id=\"3b04c2d\" data-element_type=\"container\" data-e-type=\"container\">\n\t\t\t\t\t<div class=\"e-con-inner\">\n\t\t<div class=\"elementor-element elementor-element-d80f5f0 e-con-full e-flex e-con e-child\" data-id=\"d80f5f0\" data-element_type=\"container\" data-e-type=\"container\">\n\t\t\t\t<div class=\"elementor-element elementor-element-95c766e elementor-widget elementor-widget-text-editor\" data-id=\"95c766e\" data-element_type=\"widget\" data-e-type=\"widget\" data-widget_type=\"text-editor.default\">\n\t\t\t\t\t\t\t\t\t<h2 class=\"p1\"><span class=\"s1\">Wenn auch Sie unsere Werte teilen und sich f\u00fcr die Umwelt einsetzen, kommen Sie zu uns ins Team. <\/span><\/h2>\t\t\t\t\t\t\t\t<\/div>\n\t\t\t\t<\/div>\n\t\t<div class=\"elementor-element elementor-element-662a625 e-con-full e-flex e-con e-child\" data-id=\"662a625\" data-element_type=\"container\" data-e-type=\"container\">\n\t\t\t\t<\/div>\n\t\t<div class=\"elementor-element elementor-element-295c93b e-con-full e-flex e-con e-child\" data-id=\"295c93b\" data-element_type=\"container\" data-e-type=\"container\">\n\t\t\t\t<\/div>\n\t\t\t\t\t<\/div>\n\t\t\t\t<\/div>\n\t\t<div class=\"elementor-element elementor-element-7562844 e-flex e-con-boxed e-con e-parent\" data-id=\"7562844\" data-element_type=\"container\" data-e-type=\"container\">\n\t\t\t\t\t<div class=\"e-con-inner\">\n\t\t<div class=\"elementor-element elementor-element-18dd704 e-con-full e-flex e-con e-child\" data-id=\"18dd704\" data-element_type=\"container\" data-e-type=\"container\">\n\t\t\t\t<div class=\"elementor-element elementor-element-c3ec634 elementor-align-left move-line elementor-widget__width-initial elementor-widget-mobile__width-initial elementor-widget elementor-widget-button\" data-id=\"c3ec634\" data-element_type=\"widget\" data-e-type=\"widget\" data-widget_type=\"button.default\">\n\t\t\t\t\t\t\t\t\t\t<a class=\"elementor-button elementor-button-link elementor-size-sm\" href=\"#elementor-action%3Aaction%3Dpopup%3Aopen%26settings%3DeyJpZCI6Mjk5MiwidG9nZ2xlIjpmYWxzZX0%3D\">\n\t\t\t\t\t\t<span class=\"elementor-button-content-wrapper\">\n\t\t\t\t\t\t\t\t\t<span class=\"elementor-button-text\">JETZT BEWERBEN!<\/span>\n\t\t\t\t\t<\/span>\n\t\t\t\t\t<\/a>\n\t\t\t\t\t\t\t\t<\/div>\n\t\t\t\t<\/div>\n\t\t<div class=\"elementor-element elementor-element-7bf1356 e-con-full e-flex e-con e-child\" data-id=\"7bf1356\" data-element_type=\"container\" data-e-type=\"container\">\n\t\t\t\t<div class=\"elementor-element elementor-element-689afd8 elementor-widget elementor-widget-text-editor\" data-id=\"689afd8\" data-element_type=\"widget\" data-e-type=\"widget\" data-widget_type=\"text-editor.default\">\n\t\t\t\t\t\t\t\t\t<p class=\"p1\"><span class=\"s1\">Wenn auch Sie unsere Werte teilen und sich f\u00fcr die Umwelt einsetzen, kommen Sie zu uns ins Team. <\/span><span class=\"s1\">Lamafer ist ein familiengef\u00fchrtes Unternehmen, das seit Jahrzehnten im Bereich Abfallmanagement t\u00e4tig ist und auf den Prinzipien Verantwortung, Arbeitsethik und Respekt gegen\u00fcber Menschen basiert. Wir sind \u00fcberzeugt, dass die Qualit\u00e4t unserer Dienstleistungen aus den Kompetenzen, dem Engagement und der Zusammenarbeit der Menschen entsteht, die Teil unseres Teams sind. <\/span><\/p>\t\t\t\t\t\t\t\t<\/div>\n\t\t\t\t<\/div>\n\t\t<div class=\"elementor-element elementor-element-bc53b15 e-con-full e-flex e-con e-child\" data-id=\"bc53b15\" data-element_type=\"container\" data-e-type=\"container\">\n\t\t\t\t<div class=\"elementor-element elementor-element-daf33e1 elementor-widget elementor-widget-text-editor\" data-id=\"daf33e1\" data-element_type=\"widget\" data-e-type=\"widget\" data-widget_type=\"text-editor.default\">\n\t\t\t\t\t\t\t\t\t<p class=\"p1\"><span class=\"s1\">Bei Lamafer zu arbeiten bedeutet, konkret zu einem nachhaltigeren Entwicklungsmodell beizutragen \u2013 in einem strukturierten, dynamischen Umfeld mit Fokus auf berufliche Weiterentwicklung. Wir suchen motivierte, zuverl\u00e4ssige und teamorientierte Pers\u00f6nlichkeiten, die bereit sind, ihre F\u00e4higkeiten in den Dienst von Umwelt und Gemeinschaft zu stellen.  <\/span><span class=\"s1\">In diesem Bereich k\u00f6nnen Sie offene Stellen einsehen und Ihre Bewerbung senden, um Teil des Lamafer-Teams zu werden.<\/span><\/p>\t\t\t\t\t\t\t\t<\/div>\n\t\t\t\t<\/div>\n\t\t\t\t\t<\/div>\n\t\t\t\t<\/div>\n\t\t<div class=\"elementor-element elementor-element-62c9e52 e-flex e-con-boxed e-con e-parent\" data-id=\"62c9e52\" data-element_type=\"container\" data-e-type=\"container\">\n\t\t\t\t\t<div class=\"e-con-inner\">\n\t\t<div class=\"elementor-element elementor-element-6fbad94 e-con-full e-flex e-con e-child\" data-id=\"6fbad94\" data-element_type=\"container\" data-e-type=\"container\">\n\t\t\t\t<div class=\"elementor-element elementor-element-c04d85e elementor-widget elementor-widget-text-editor\" data-id=\"c04d85e\" data-element_type=\"widget\" data-e-type=\"widget\" data-widget_type=\"text-editor.default\">\n\t\t\t\t\t\t\t\t\t<h6><span style=\"color: #00ff00;\">BEREICHE BEI LAMAFER<\/span><\/h6>\t\t\t\t\t\t\t\t<\/div>\n\t\t\t\t<\/div>\n\t\t\t\t\t<\/div>\n\t\t\t\t<\/div>\n\t\t<div class=\"elementor-element elementor-element-de669a9 e-grid e-con-boxed e-con e-parent\" data-id=\"de669a9\" data-element_type=\"container\" data-e-type=\"container\">\n\t\t\t\t\t<div class=\"e-con-inner\">\n\t\t<div class=\"elementor-element elementor-element-a00c036 e-con-full e-flex e-con e-child\" data-id=\"a00c036\" data-element_type=\"container\" data-e-type=\"container\" data-settings=\"{&quot;background_background&quot;:&quot;classic&quot;}\">\n\t\t\t\t<div class=\"elementor-element elementor-element-11f498f elementor-widget elementor-widget-text-editor\" data-id=\"11f498f\" data-element_type=\"widget\" data-e-type=\"widget\" data-widget_type=\"text-editor.default\">\n\t\t\t\t\t\t\t\t\t<h3>FAHRER<\/h3>\t\t\t\t\t\t\t\t<\/div>\n\t\t\t\t<div class=\"elementor-element elementor-element-ab7f062 elementor-widget elementor-widget-text-editor\" data-id=\"ab7f062\" data-element_type=\"widget\" data-e-type=\"widget\" data-widget_type=\"text-editor.default\">\n\t\t\t\t\t\t\t\t\t<p><strong>Bei Lamafer sind unsere Fahrer zentrale Akteure der Nachhaltigkeit. Jede Fahrt ist von Verantwortung, Sicherheit und Respekt f\u00fcr die Umwelt gepr\u00e4gt. Wir sch\u00e4tzen Menschen, die t\u00e4glich Zuverl\u00e4ssigkeit und Sorgfalt gew\u00e4hrleisten und mit Professionalit\u00e4t zu einem effizienten und bewussten Service beitragen.  <\/strong><\/p>\t\t\t\t\t\t\t\t<\/div>\n\t\t\t\t<\/div>\n\t\t<div class=\"elementor-element elementor-element-41019bd e-con-full e-flex e-con e-child\" data-id=\"41019bd\" data-element_type=\"container\" data-e-type=\"container\" data-settings=\"{&quot;background_background&quot;:&quot;classic&quot;}\">\n\t\t\t\t<div class=\"elementor-element elementor-element-b2c8ba7 elementor-widget elementor-widget-text-editor\" data-id=\"b2c8ba7\" data-element_type=\"widget\" data-e-type=\"widget\" data-widget_type=\"text-editor.default\">\n\t\t\t\t\t\t\t\t\t<h3>HOFMITARBEITER<\/h3>\t\t\t\t\t\t\t\t<\/div>\n\t\t\t\t<div class=\"elementor-element elementor-element-58602d5 elementor-widget elementor-widget-text-editor\" data-id=\"58602d5\" data-element_type=\"widget\" data-e-type=\"widget\" data-widget_type=\"text-editor.default\">\n\t\t\t\t\t\t\t\t\t<p><strong>Die Lamafer-Hofmitarbeiter arbeiten im Zentrum der Recyclingprozesse \u2013 mit Sorgfalt, Kompetenz und Respekt f\u00fcr die Umwelt. Wir glauben an den Wert der Menschen, an Sicherheit und an t\u00e4gliche Zusammenarbeit: grundlegende Elemente, um Arbeit in nachhaltige Ergebnisse zu verwandeln. <\/strong><\/p>\t\t\t\t\t\t\t\t<\/div>\n\t\t\t\t<\/div>\n\t\t<div class=\"elementor-element elementor-element-7a12758 e-con-full e-flex e-con e-child\" data-id=\"7a12758\" data-element_type=\"container\" data-e-type=\"container\" data-settings=\"{&quot;background_background&quot;:&quot;classic&quot;}\">\n\t\t\t\t<div class=\"elementor-element elementor-element-135650a elementor-widget elementor-widget-text-editor\" data-id=\"135650a\" data-element_type=\"widget\" data-e-type=\"widget\" data-widget_type=\"text-editor.default\">\n\t\t\t\t\t\t\t\t\t<h3>VERWALTUNG<\/h3>\t\t\t\t\t\t\t\t<\/div>\n\t\t\t\t<div class=\"elementor-element elementor-element-e857930 elementor-widget elementor-widget-text-editor\" data-id=\"e857930\" data-element_type=\"widget\" data-e-type=\"widget\" data-widget_type=\"text-editor.default\">\n\t\t\t\t\t\t\t\t\t<p><strong>Der Verwaltungsbereich von Lamafer unterst\u00fctzt das Unternehmen mit Pr\u00e4zision, Transparenz und Verantwortungsbewusstsein. Menschen machen den Unterschied: Sie teilen Werte und Umweltbewusstsein, um eine solide, ethische und nachhaltig ausgerichtete Unternehmensf\u00fchrung zu gew\u00e4hrleisten. <\/strong><\/p>\t\t\t\t\t\t\t\t<\/div>\n\t\t\t\t<\/div>\n\t\t<div class=\"elementor-element elementor-element-2437879 e-con-full e-flex e-con e-child\" data-id=\"2437879\" data-element_type=\"container\" data-e-type=\"container\" data-settings=\"{&quot;background_background&quot;:&quot;classic&quot;}\">\n\t\t\t\t<div class=\"elementor-element elementor-element-206628e elementor-widget elementor-widget-text-editor\" data-id=\"206628e\" data-element_type=\"widget\" data-e-type=\"widget\" data-widget_type=\"text-editor.default\">\n\t\t\t\t\t\t\t\t\t<h3>VERTRIEB<\/h3>\t\t\t\t\t\t\t\t<\/div>\n\t\t\t\t<div class=\"elementor-element elementor-element-573b3aa elementor-widget elementor-widget-text-editor\" data-id=\"573b3aa\" data-element_type=\"widget\" data-e-type=\"widget\" data-widget_type=\"text-editor.default\">\n\t\t\t\t\t\t\t\t\t<p><strong>Der Vertrieb von Lamafer baut Beziehungen auf Vertrauen, gemeinsamen Werten und Respekt f\u00fcr die Umwelt auf. Jedes Projekt entsteht aus dem Zuh\u00f6ren und dem Einsatz f\u00fcr nachhaltige L\u00f6sungen \u2013 Kompetenz und Verantwortung verbinden sich, um Werte zu schaffen. <\/strong><\/p>\t\t\t\t\t\t\t\t<\/div>\n\t\t\t\t<\/div>\n\t\t<div class=\"elementor-element elementor-element-f7a6372 e-con-full e-flex e-con e-child\" data-id=\"f7a6372\" data-element_type=\"container\" data-e-type=\"container\" data-settings=\"{&quot;background_background&quot;:&quot;classic&quot;}\">\n\t\t\t\t<div class=\"elementor-element elementor-element-42c5e84 elementor-widget elementor-widget-text-editor\" data-id=\"42c5e84\" data-element_type=\"widget\" data-e-type=\"widget\" data-widget_type=\"text-editor.default\">\n\t\t\t\t\t\t\t\t\t<h3>LOGISTIK<\/h3>\t\t\t\t\t\t\t\t<\/div>\n\t\t\t\t<div class=\"elementor-element elementor-element-9a19365 elementor-widget elementor-widget-text-editor\" data-id=\"9a19365\" data-element_type=\"widget\" data-e-type=\"widget\" data-widget_type=\"text-editor.default\">\n\t\t\t\t\t\t\t\t\t<p><strong>Die Lamafer-Logistik ist der Treffpunkt von Organisation, Menschen und Umwelt. Wir optimieren Abl\u00e4ufe effizient und nachhaltig und st\u00e4rken Teamarbeit sowie gemeinsame Verantwortung in jeder Phase des Prozesses. <\/strong><\/p>\t\t\t\t\t\t\t\t<\/div>\n\t\t\t\t<\/div>\n\t\t\t\t\t<\/div>\n\t\t\t\t<\/div>\n\t\t\t\t<\/div>\n\t\t","protected":false},"excerpt":{"rendered":"<p>JOBS Wenn auch Sie unsere Werte teilen und sich f\u00fcr die Umwelt einsetzen, kommen Sie zu uns ins Team. JETZT BEWERBEN! Wenn auch Sie unsere Werte<span class=\"excerpt-hellip\"> [\u2026]<\/span><\/p>\n","protected":false},"author":2,"featured_media":950,"parent":0,"menu_order":0,"comment_status":"closed","ping_status":"closed","template":"","meta":{"footnotes":""},"class_list":["post-2809","page","type-page","status-publish","has-post-thumbnail","hentry"],"_links":{"self":[{"href":"https:\/\/lamafer.com\/de\/wp-json\/wp\/v2\/pages\/2809","targetHints":{"allow":["GET"]}}],"collection":[{"href":"https:\/\/lamafer.com\/de\/wp-json\/wp\/v2\/pages"}],"about":[{"href":"https:\/\/lamafer.com\/de\/wp-json\/wp\/v2\/types\/page"}],"author":[{"embeddable":true,"href":"https:\/\/lamafer.com\/de\/wp-json\/wp\/v2\/users\/2"}],"replies":[{"embeddable":true,"href":"https:\/\/lamafer.com\/de\/wp-json\/wp\/v2\/comments?post=2809"}],"version-history":[{"count":0,"href":"https:\/\/lamafer.com\/de\/wp-json\/wp\/v2\/pages\/2809\/revisions"}],"wp:featuredmedia":[{"embeddable":true,"href":"https:\/\/lamafer.com\/de\/wp-json\/wp\/v2\/media\/950"}],"wp:attachment":[{"href":"https:\/\/lamafer.com\/de\/wp-json\/wp\/v2\/media?parent=2809"}],"curies":[{"name":"wp","href":"https:\/\/api.w.org\/{rel}","templated":true}]}}